{"id":2,"date":"2020-10-02T11:27:44","date_gmt":"2020-10-02T11:27:44","guid":{"rendered":"http:\/\/wordpress.brix.ch\/?page_id=2"},"modified":"2024-12-12T10:32:39","modified_gmt":"2024-12-12T09:32:39","slug":"beispiel-seite","status":"publish","type":"page","link":"https:\/\/wordpress.brix.ch\/index.php\/beispiel-seite\/","title":{"rendered":"Beispiel-Seite"},"content":{"rendered":"\n<script type=\"module\" src=\"https:\/\/anura.brix.ch\/webcomponents\/src\/adapters\/celum-adapter.js\"><\/script>\n<script type=\"module\" src=\"https:\/\/anura.brix.ch\/webcomponents\/src\/components\/anura-components.js\"><\/script>\n\n<div style=\"display: flex; flex-direction: row-reverse; margin-bottom: 1.5em;\">\n  <anura-basket adapter=\"celum-adapter\" default-format=\"1\"><\/anura-basket>\n<\/div>\n\n\n\n<p>Dies ist eine Beispiel-Seite. Sie unterscheidet sich von Beitr\u00e4gen, da sie stets an derselben Stelle bleibt und (bei den meisten Themes) in der Website-Navigation angezeigt wird.<\/p>\n\n\n\n<style>\n  :root {--button-color: hsl(6,50%,13%); --button-font-color: white;}\n  anura-gallery, anura-gallery::part(anura-asset) {--asset-width: 9.75em; --asset-height: 9.75em;}\n<\/style>\n\n<celum-adapter url=\"https:\/\/contenthub-demo.brix.ch\/anura\/example\" infofields=\"128,127,160\" license=\"KkgDVAQZFRoQQlkMBBlPWgobGlhHEEg=\"><\/celum-adapter>\n<anura-gallery adapter=\"celum-adapter\" search=\"anura-searchbar, anura-select\" basket=\"anura-basket\" page-size=\"18\" aria-live=\"polite\">\n  <anura-asset slot=\"asset\" buttons=\"download,basket,checkbox\">\n    <span slot=\"content\">\n      <span style=\"color: white; position: absolute; top: 5%; left: 1px; background: #78909c; padding: 2px 5px; border-top-right-radius: 2px; border-bottom-right-radius: 2px; text-transform: uppercase; font-size: 11px;\">\n        ${asset.fileExtension}\n      <\/span>\n      <span style=\"font-size: 85%; margin: 0.25rem 0; color: gray\" if=\"${asset.metadata[127].value}\" title=\"Copyright: ${asset.metadata[127].value}\">\n          \u00a9 ${asset.metadata[127].value}\n      <\/span>\n    <\/span>\n  <\/anura-asset>\n<\/anura-gallery>\n\n<anura-injector target=\".entry-header\">\n  <anura-searchbar adapter=\"celum-adapter\"><\/anura-searchbar>\n  <anura-select adapter=\"celum-adapter\" source=\"123\"><\/anura-select>\n  <anura-select adapter=\"celum-adapter\" source=\"127\"><\/anura-select>\n  <anura-select adapter=\"celum-adapter\" source=\"208\"><\/anura-select>\n  <anura-select adapter=\"celum-adapter\" source=\"210\"><\/anura-select>\n<\/anura-injector>\n\n\n\n<blockquote class=\"wp-block-quote is-layout-flow wp-block-quote-is-layout-flow\">\n<p><\/p>\n\n\n\n<p>Hallo! Tags\u00fcber arbeite ich als Fahrradkurier, nachts bin ich ein aufstrebender Schauspieler und dies hier ist meine Website. Ich lebe in Z\u00fcrich, habe einen grossen Hund namens Jack, mag Pi\u00f1a Coladas, jedoch weniger (ohne Schirm) im Regen stehen gelassen zu werden.<\/p>\n<\/blockquote>\n\n\n\n<p>&#8230;oder so etwas wie das hier:<\/p>\n\n\n\n<blockquote class=\"wp-block-quote is-layout-flow wp-block-quote-is-layout-flow\">\n<p>Das Unternehmen XYZ wurde 1971 gegr\u00fcndet und versorgt die \u00d6ffentlichkeit seither mit qualitativ hochwertigen Produkten. An seinem Standort in einer kleinen Grossstadt besch\u00e4ftigt der Betrieb \u00fcber 2.000 Menschen und unterst\u00fctzt die Stadtbewohner in vielfacher Hinsicht.<\/p>\n<\/blockquote>\n\n\n\n<p>Als neuer WordPress-Benutzer sollten Sie <a href=\"http:\/\/wordpress.brix.ch\/wp-admin\/\">Ihr Dashboard<\/a> aufrufen, um diese Seite zu l\u00f6schen und neue Seiten und Beitr\u00e4ge f\u00fcr Ihre Website erstellen. Viel Spass!<\/p>\n","protected":false},"excerpt":{"rendered":"<p>Dies ist eine Beispiel-Seite. Sie unterscheidet sich von Beitr\u00e4gen, da sie stets an derselben Stelle bleibt und (bei den meisten Themes) in der Website-Navigation angezeigt wird. ${asset.fileExtension} \u00a9 ${asset.metadata[127].value} Hallo! Tags\u00fcber arbeite ich als Fahrradkurier, nachts bin ich ein aufstrebender Schauspieler und dies hier ist meine Website. Ich lebe in Z\u00fcrich, habe einen grossen Hund &hellip; <\/p>\n<p class=\"link-more\"><a href=\"https:\/\/wordpress.brix.ch\/index.php\/beispiel-seite\/\" class=\"more-link\"><span class=\"screen-reader-text\">&#171;Beispiel-Seite&#187;<\/span> weiterlesen<\/a><\/p>\n","protected":false},"author":1,"featured_media":0,"parent":0,"menu_order":0,"comment_status":"closed","ping_status":"open","template":"","meta":{"footnotes":""},"class_list":["post-2","page","type-page","status-publish","hentry"],"_links":{"self":[{"href":"https:\/\/wordpress.brix.ch\/index.php\/wp-json\/wp\/v2\/pages\/2","targetHints":{"allow":["GET"]}}],"collection":[{"href":"https:\/\/wordpress.brix.ch\/index.php\/wp-json\/wp\/v2\/pages"}],"about":[{"href":"https:\/\/wordpress.brix.ch\/index.php\/wp-json\/wp\/v2\/types\/page"}],"author":[{"embeddable":true,"href":"https:\/\/wordpress.brix.ch\/index.php\/wp-json\/wp\/v2\/users\/1"}],"replies":[{"embeddable":true,"href":"https:\/\/wordpress.brix.ch\/index.php\/wp-json\/wp\/v2\/comments?post=2"}],"version-history":[{"count":142,"href":"https:\/\/wordpress.brix.ch\/index.php\/wp-json\/wp\/v2\/pages\/2\/revisions"}],"predecessor-version":[{"id":218,"href":"https:\/\/wordpress.brix.ch\/index.php\/wp-json\/wp\/v2\/pages\/2\/revisions\/218"}],"wp:attachment":[{"href":"https:\/\/wordpress.brix.ch\/index.php\/wp-json\/wp\/v2\/media?parent=2"}],"curies":[{"name":"wp","href":"https:\/\/api.w.org\/{rel}","templated":true}]}}